{"id":52,"date":"2021-12-13T18:20:50","date_gmt":"2021-12-13T18:20:50","guid":{"rendered":"http:\/\/sqoysdv.cluster031.hosting.ovh.net\/?page_id=52"},"modified":"2022-01-08T21:01:24","modified_gmt":"2022-01-08T21:01:24","slug":"la-asociacion","status":"publish","type":"page","link":"https:\/\/jansudo.com\/index.php\/la-asociacion\/","title":{"rendered":"La Asociaci\u00f3n"},"content":{"rendered":"\n<figure class=\"wp-block-image size-large is-resized\"><img loading=\"lazy\" decoding=\"async\" src=\"http:\/\/sqoysdv.cluster031.hosting.ovh.net\/wp-content\/uploads\/2022\/01\/LOGO-NUEVO-2021-1-1024x923.jpg\" alt=\"\" class=\"wp-image-565\" width=\"256\" height=\"231\" srcset=\"https:\/\/jansudo.com\/wp-content\/uploads\/2022\/01\/LOGO-NUEVO-2021-1-1024x923.jpg 1024w, https:\/\/jansudo.com\/wp-content\/uploads\/2022\/01\/LOGO-NUEVO-2021-1-300x271.jpg 300w, https:\/\/jansudo.com\/wp-content\/uploads\/2022\/01\/LOGO-NUEVO-2021-1-768x693.jpg 768w, https:\/\/jansudo.com\/wp-content\/uploads\/2022\/01\/LOGO-NUEVO-2021-1.jpg 1079w\" sizes=\"auto, (max-width: 256px) 100vw, 256px\" \/><\/figure>\n\n\n\n<p class=\"has-text-align-center\"><strong>Presidente y Maestro Fundador  <\/strong><\/p>\n\n\n\n<p class=\"has-text-align-center\">D. Francisco Javier P\u00e9rez D\u00edaz<br>( Maestro Francis )<br><strong>DIRECCI\u00d3N y SEDE<\/strong><br>C\/ Chanquete, esquina con Calle Poeta Salvador Rueda (Junto al Hotel Yaramar)<br>Paseo Mar\u00edtimo de Los Boliches , Fuengirola (M\u00e1laga ) CP. 29640<br>Tel. : 952 58 48 63 \u2013 M\u00f3vil : 670 61 91 26<br>Email : info@jansudo.com<\/p>\n\n\n\n<hr class=\"wp-block-separator\"\/>\n\n\n\n<p><\/p>\n\n\n\n<p class=\"has-text-align-center\"><a href=\"http:\/\/sqoysdv.cluster031.hosting.ovh.net\/index.php\/jansudokas-honorificos\/\" data-type=\"page\" data-id=\"150\"><strong>JANSUDOKAS&nbsp; HONORIFICOS<\/strong> <\/a><\/p>\n\n\n\n<p class=\"has-text-align-center\"><strong><a href=\"http:\/\/sqoysdv.cluster031.hosting.ovh.net\/index.php\/instructores-cinturones-negros-jansu-do-contacto\/\" data-type=\"page\" data-id=\"153\">INSTRUCTORES &nbsp;&nbsp;\u2013 &nbsp;&nbsp;CINTURONES&nbsp; NEGROS&nbsp;&nbsp;&#8211;&nbsp;&nbsp;<span class=\"has-inline-color has-vivid-red-color\">JANSU DO CONTACTO<\/span><\/a><\/strong><\/p>\n\n\n\n<p class=\"has-text-align-center\"><strong><a href=\"http:\/\/sqoysdv.cluster031.hosting.ovh.net\/index.php\/instructores-cinturones-negros-jansu-do-defensa-personal\/\" data-type=\"page\" data-id=\"155\">INSTRUCTORES \u00a0 \u2013 \u00a0 CINTURONES NEGROS\u00a0 &#8211;\u00a0 <span class=\"has-inline-color has-vivid-red-color\">JANSU DO DEFENSA PERSONAL<\/span><\/a><\/strong><\/p>\n\n\n\n<figure class=\"wp-block-gallery aligncenter columns-6 is-cropped wp-block-gallery-1 is-layout-flex wp-block-gallery-is-layout-flex\"><ul class=\"blocks-gallery-grid\"><li class=\"blocks-gallery-item\"><figure><img loading=\"lazy\" decoding=\"async\" width=\"150\" height=\"150\" src=\"http:\/\/sqoysdv.cluster031.hosting.ovh.net\/wp-content\/uploads\/2022\/01\/aijd-y-da-150x150.png\" alt=\"\" data-id=\"551\" data-full-url=\"http:\/\/sqoysdv.cluster031.hosting.ovh.net\/wp-content\/uploads\/2022\/01\/aijd-y-da.png\" data-link=\"http:\/\/sqoysdv.cluster031.hosting.ovh.net\/index.php\/la-asociacion\/aijd-y-da\/\" class=\"wp-image-551\"\/><\/figure><\/li><li class=\"blocks-gallery-item\"><figure><img loading=\"lazy\" decoding=\"async\" width=\"100\" height=\"73\" src=\"http:\/\/sqoysdv.cluster031.hosting.ovh.net\/wp-content\/uploads\/2022\/01\/CSD1.jpg\" alt=\"\" data-id=\"552\" data-link=\"http:\/\/sqoysdv.cluster031.hosting.ovh.net\/index.php\/la-asociacion\/csd1\/\" class=\"wp-image-552\"\/><\/figure><\/li><li class=\"blocks-gallery-item\"><figure><img loading=\"lazy\" decoding=\"async\" width=\"150\" height=\"150\" src=\"http:\/\/sqoysdv.cluster031.hosting.ovh.net\/wp-content\/uploads\/2022\/01\/facebook-jansudo-150x150.png\" alt=\"\" data-id=\"553\" data-full-url=\"http:\/\/sqoysdv.cluster031.hosting.ovh.net\/wp-content\/uploads\/2022\/01\/facebook-jansudo.png\" data-link=\"http:\/\/sqoysdv.cluster031.hosting.ovh.net\/index.php\/la-asociacion\/facebook-jansudo\/\" class=\"wp-image-553\" srcset=\"https:\/\/jansudo.com\/wp-content\/uploads\/2022\/01\/facebook-jansudo-150x150.png 150w, https:\/\/jansudo.com\/wp-content\/uploads\/2022\/01\/facebook-jansudo.png 256w\" sizes=\"auto, (max-width: 150px) 100vw, 150px\" \/><\/figure><\/li><li class=\"blocks-gallery-item\"><figure><img loading=\"lazy\" decoding=\"async\" width=\"150\" height=\"137\" src=\"http:\/\/sqoysdv.cluster031.hosting.ovh.net\/wp-content\/uploads\/2022\/01\/federacion-andaluza-taekwondo-150x137.jpg\" alt=\"\" data-id=\"554\" data-full-url=\"http:\/\/sqoysdv.cluster031.hosting.ovh.net\/wp-content\/uploads\/2022\/01\/federacion-andaluza-taekwondo.jpg\" data-link=\"http:\/\/sqoysdv.cluster031.hosting.ovh.net\/index.php\/la-asociacion\/federacion-andaluza-taekwondo\/\" class=\"wp-image-554\"\/><\/figure><\/li><li class=\"blocks-gallery-item\"><figure><img loading=\"lazy\" decoding=\"async\" width=\"150\" height=\"150\" src=\"http:\/\/sqoysdv.cluster031.hosting.ovh.net\/wp-content\/uploads\/2022\/01\/federacion-espanola-taekwondo-150x150.jpg\" alt=\"\" data-id=\"555\" data-full-url=\"http:\/\/sqoysdv.cluster031.hosting.ovh.net\/wp-content\/uploads\/2022\/01\/federacion-espanola-taekwondo.jpg\" data-link=\"http:\/\/sqoysdv.cluster031.hosting.ovh.net\/index.php\/la-asociacion\/federacion-espanola-taekwondo\/\" class=\"wp-image-555\"\/><\/figure><\/li><li class=\"blocks-gallery-item\"><figure><img loading=\"lazy\" decoding=\"async\" width=\"150\" height=\"150\" src=\"http:\/\/sqoysdv.cluster031.hosting.ovh.net\/wp-content\/uploads\/2022\/01\/LOGO_2015_TAEGUK_MAESTRO-FUNDADOR-150x150.jpg\" alt=\"\" data-id=\"556\" data-full-url=\"http:\/\/sqoysdv.cluster031.hosting.ovh.net\/wp-content\/uploads\/2022\/01\/LOGO_2015_TAEGUK_MAESTRO-FUNDADOR-scaled.jpg\" data-link=\"http:\/\/sqoysdv.cluster031.hosting.ovh.net\/index.php\/la-asociacion\/logo_2015_taeguk_maestro-fundador\/\" class=\"wp-image-556\" srcset=\"https:\/\/jansudo.com\/wp-content\/uploads\/2022\/01\/LOGO_2015_TAEGUK_MAESTRO-FUNDADOR-150x150.jpg 150w, https:\/\/jansudo.com\/wp-content\/uploads\/2022\/01\/LOGO_2015_TAEGUK_MAESTRO-FUNDADOR-300x300.jpg 300w, https:\/\/jansudo.com\/wp-content\/uploads\/2022\/01\/LOGO_2015_TAEGUK_MAESTRO-FUNDADOR-1024x1024.jpg 1024w, https:\/\/jansudo.com\/wp-content\/uploads\/2022\/01\/LOGO_2015_TAEGUK_MAESTRO-FUNDADOR-768x768.jpg 768w, https:\/\/jansudo.com\/wp-content\/uploads\/2022\/01\/LOGO_2015_TAEGUK_MAESTRO-FUNDADOR-1536x1536.jpg 1536w, https:\/\/jansudo.com\/wp-content\/uploads\/2022\/01\/LOGO_2015_TAEGUK_MAESTRO-FUNDADOR-2048x2048.jpg 2048w\" sizes=\"auto, (max-width: 150px) 100vw, 150px\" \/><\/figure><\/li><li class=\"blocks-gallery-item\"><figure><img loading=\"lazy\" decoding=\"async\" width=\"150\" height=\"150\" src=\"http:\/\/sqoysdv.cluster031.hosting.ovh.net\/wp-content\/uploads\/2022\/01\/logo_ministerio_del_interior-150x150.jpg\" alt=\"\" data-id=\"557\" data-full-url=\"http:\/\/sqoysdv.cluster031.hosting.ovh.net\/wp-content\/uploads\/2022\/01\/logo_ministerio_del_interior.jpg\" data-link=\"http:\/\/sqoysdv.cluster031.hosting.ovh.net\/index.php\/la-asociacion\/logo_ministerio_del_interior\/\" class=\"wp-image-557\"\/><\/figure><\/li><li class=\"blocks-gallery-item\"><figure><img loading=\"lazy\" decoding=\"async\" width=\"150\" height=\"150\" src=\"http:\/\/sqoysdv.cluster031.hosting.ovh.net\/wp-content\/uploads\/2022\/01\/logo-asociacion-jansudo-150x150.png\" alt=\"\" data-id=\"558\" data-full-url=\"http:\/\/sqoysdv.cluster031.hosting.ovh.net\/wp-content\/uploads\/2022\/01\/logo-asociacion-jansudo.png\" data-link=\"http:\/\/sqoysdv.cluster031.hosting.ovh.net\/index.php\/la-asociacion\/logo-asociacion-jansudo\/\" class=\"wp-image-558\" srcset=\"https:\/\/jansudo.com\/wp-content\/uploads\/2022\/01\/logo-asociacion-jansudo-150x150.png 150w, https:\/\/jansudo.com\/wp-content\/uploads\/2022\/01\/logo-asociacion-jansudo-300x300.png 300w, https:\/\/jansudo.com\/wp-content\/uploads\/2022\/01\/logo-asociacion-jansudo.png 400w\" sizes=\"auto, (max-width: 150px) 100vw, 150px\" \/><\/figure><\/li><li class=\"blocks-gallery-item\"><figure><img loading=\"lazy\" decoding=\"async\" width=\"150\" height=\"150\" src=\"http:\/\/sqoysdv.cluster031.hosting.ovh.net\/wp-content\/uploads\/2022\/01\/logo-def-personal-150x150.jpg\" alt=\"\" data-id=\"559\" data-full-url=\"http:\/\/sqoysdv.cluster031.hosting.ovh.net\/wp-content\/uploads\/2022\/01\/logo-def-personal.jpg\" data-link=\"http:\/\/sqoysdv.cluster031.hosting.ovh.net\/index.php\/la-asociacion\/logo-def-personal\/\" class=\"wp-image-559\"\/><\/figure><\/li><li class=\"blocks-gallery-item\"><figure><img loading=\"lazy\" decoding=\"async\" width=\"150\" height=\"150\" src=\"http:\/\/sqoysdv.cluster031.hosting.ovh.net\/wp-content\/uploads\/2022\/01\/olimpiada-espana-150x150.jpg\" alt=\"\" data-id=\"560\" data-full-url=\"http:\/\/sqoysdv.cluster031.hosting.ovh.net\/wp-content\/uploads\/2022\/01\/olimpiada-espana.jpg\" data-link=\"http:\/\/sqoysdv.cluster031.hosting.ovh.net\/index.php\/la-asociacion\/olimpiada-espana\/\" class=\"wp-image-560\"\/><\/figure><\/li><li class=\"blocks-gallery-item\"><figure><img loading=\"lazy\" decoding=\"async\" width=\"70\" height=\"70\" src=\"http:\/\/sqoysdv.cluster031.hosting.ovh.net\/wp-content\/uploads\/2022\/01\/spain-haidong-gumdo-asoc.gif\" alt=\"\" data-id=\"561\" data-link=\"http:\/\/sqoysdv.cluster031.hosting.ovh.net\/index.php\/la-asociacion\/spain-haidong-gumdo-asoc\/\" class=\"wp-image-561\"\/><\/figure><\/li><li class=\"blocks-gallery-item\"><figure><img loading=\"lazy\" decoding=\"async\" width=\"150\" height=\"150\" src=\"http:\/\/sqoysdv.cluster031.hosting.ovh.net\/wp-content\/uploads\/2022\/01\/wtf_logo-150x150.jpg\" alt=\"\" data-id=\"562\" data-full-url=\"http:\/\/sqoysdv.cluster031.hosting.ovh.net\/wp-content\/uploads\/2022\/01\/wtf_logo.jpg\" data-link=\"http:\/\/sqoysdv.cluster031.hosting.ovh.net\/index.php\/la-asociacion\/wtf_logo\/\" class=\"wp-image-562\"\/><\/figure><\/li><\/ul><\/figure>\n","protected":false},"excerpt":{"rendered":"<p>Presidente y Maestro Fundador D. Francisco Javier P\u00e9rez D\u00edaz( Maestro Francis )DIRECCI\u00d3N y SEDEC\/ Chanquete, esquina con Calle Poeta Salvador Rueda (Junto al Hotel Yaramar)Paseo Mar\u00edtimo de Los Boliches , Fuengirola (M\u00e1laga ) CP. 29640Tel. : 952 58 48 63 \u2013 M\u00f3vil : 670 61 91 26Email : info@jansudo.com JANSUDOKAS&nbsp; HONORIFICOS INSTRUCTORES &nbsp;&nbsp;\u2013 &nbsp;&nbsp;CINTURONES&nbsp; NEGROS&nbsp;&nbsp;&#8211;&nbsp;&nbsp;JANSU [&hellip;]<\/p>\n","protected":false},"author":1,"featured_media":0,"parent":0,"menu_order":0,"comment_status":"closed","ping_status":"closed","template":"","meta":{"ngg_post_thumbnail":0,"pgc_sgb_lightbox_settings":"","footnotes":""},"class_list":["post-52","page","type-page","status-publish","hentry"],"_links":{"self":[{"href":"https:\/\/jansudo.com\/index.php\/wp-json\/wp\/v2\/pages\/52","targetHints":{"allow":["GET"]}}],"collection":[{"href":"https:\/\/jansudo.com\/index.php\/wp-json\/wp\/v2\/pages"}],"about":[{"href":"https:\/\/jansudo.com\/index.php\/wp-json\/wp\/v2\/types\/page"}],"author":[{"embeddable":true,"href":"https:\/\/jansudo.com\/index.php\/wp-json\/wp\/v2\/users\/1"}],"replies":[{"embeddable":true,"href":"https:\/\/jansudo.com\/index.php\/wp-json\/wp\/v2\/comments?post=52"}],"version-history":[{"count":6,"href":"https:\/\/jansudo.com\/index.php\/wp-json\/wp\/v2\/pages\/52\/revisions"}],"predecessor-version":[{"id":566,"href":"https:\/\/jansudo.com\/index.php\/wp-json\/wp\/v2\/pages\/52\/revisions\/566"}],"wp:attachment":[{"href":"https:\/\/jansudo.com\/index.php\/wp-json\/wp\/v2\/media?parent=52"}],"curies":[{"name":"wp","href":"https:\/\/api.w.org\/{rel}","templated":true}]}}