{"id":548,"date":"2022-01-08T20:46:42","date_gmt":"2022-01-08T20:46:42","guid":{"rendered":"http:\/\/sqoysdv.cluster031.hosting.ovh.net\/?page_id=548"},"modified":"2022-01-08T20:46:42","modified_gmt":"2022-01-08T20:46:42","slug":"cinturones","status":"publish","type":"page","link":"https:\/\/jansudo.com\/index.php\/cinturones\/","title":{"rendered":"Cinturones"},"content":{"rendered":"\n<p><strong>No tener cintur\u00f3n = BLANCO <\/strong><\/p>\n\n\n\n<p>Inocencia del que reci\u00e9n inicia la pr\u00e1ctica, sin tener ning\u00fan conocimiento previo del Jansu Do. <\/p>\n\n\n\n<p><strong>AMARILLO <\/strong><\/p>\n\n\n\n<p>Se asocia con el color de la tierra donde una planta comienza a echar sus ra\u00edces, como a si tambi\u00e9n echan ra\u00edces los primeros conocimientos del Jansudoka. <\/p>\n\n\n\n<p><strong>NARANJA<\/strong> <\/p>\n\n\n\n<p>Refleja la planta que ha arraigado y est\u00e1 floreciendo las cuales les dan belleza, como a si tambi\u00e9n va floreciendo los conocimientos ya arraigados , los cuales el Jansudoka los va demostrando y embelleciendo durante su pr\u00e1ctica. <\/p>\n\n\n\n<p><strong>VERDE <\/strong><\/p>\n\n\n\n<p>Refleja la planta que est\u00e1 madurando, a si como crece la habilidad y la madurez del Jansudoka. <\/p>\n\n\n\n<p><strong>AZUL <\/strong><\/p>\n\n\n\n<p>Representa al cielo, hacia donde la planta sigue creciendo, a si como el Jansudoka enfoca su mirada hacia el crecimiento de sus conocimientos.<\/p>\n\n\n\n<p><strong>ROJO <\/strong><\/p>\n\n\n\n<p>Refleja el peligro, donde el Jansudoka debe ejercitarse en el control de sus actos. <\/p>\n\n\n\n<p><strong>NEGRO <\/strong><\/p>\n\n\n\n<p>Lo opuesto al blanco, significa que el practicante ha incorporado el conocimiento del Jansu Do a su vida y la planta que crec\u00eda ha madurado.<\/p>\n\n\n\n<p><strong>LOS DANES <\/strong><\/p>\n\n\n\n<p>La Planta empieza a dar sus Frutos: Humildad, Honor, Lealtad, Obediencia, Disciplina, Fidelidad, Constancia, Sacrificio, etc.<\/p>\n","protected":false},"excerpt":{"rendered":"<p>No tener cintur\u00f3n = BLANCO Inocencia del que reci\u00e9n inicia la pr\u00e1ctica, sin tener ning\u00fan conocimiento previo del Jansu Do. AMARILLO Se asocia con el color de la tierra donde una planta comienza a echar sus ra\u00edces, como a si tambi\u00e9n echan ra\u00edces los primeros conocimientos del Jansudoka. NARANJA Refleja la planta que ha arraigado [&hellip;]<\/p>\n","protected":false},"author":1,"featured_media":0,"parent":0,"menu_order":0,"comment_status":"closed","ping_status":"closed","template":"","meta":{"ngg_post_thumbnail":0,"pgc_sgb_lightbox_settings":"","footnotes":""},"class_list":["post-548","page","type-page","status-publish","hentry"],"_links":{"self":[{"href":"https:\/\/jansudo.com\/index.php\/wp-json\/wp\/v2\/pages\/548","targetHints":{"allow":["GET"]}}],"collection":[{"href":"https:\/\/jansudo.com\/index.php\/wp-json\/wp\/v2\/pages"}],"about":[{"href":"https:\/\/jansudo.com\/index.php\/wp-json\/wp\/v2\/types\/page"}],"author":[{"embeddable":true,"href":"https:\/\/jansudo.com\/index.php\/wp-json\/wp\/v2\/users\/1"}],"replies":[{"embeddable":true,"href":"https:\/\/jansudo.com\/index.php\/wp-json\/wp\/v2\/comments?post=548"}],"version-history":[{"count":1,"href":"https:\/\/jansudo.com\/index.php\/wp-json\/wp\/v2\/pages\/548\/revisions"}],"predecessor-version":[{"id":549,"href":"https:\/\/jansudo.com\/index.php\/wp-json\/wp\/v2\/pages\/548\/revisions\/549"}],"wp:attachment":[{"href":"https:\/\/jansudo.com\/index.php\/wp-json\/wp\/v2\/media?parent=548"}],"curies":[{"name":"wp","href":"https:\/\/api.w.org\/{rel}","templated":true}]}}