{"id":57,"date":"2021-12-13T18:21:41","date_gmt":"2021-12-13T18:21:41","guid":{"rendered":"http:\/\/sqoysdv.cluster031.hosting.ovh.net\/?page_id=57"},"modified":"2022-03-01T11:58:21","modified_gmt":"2022-03-01T11:58:21","slug":"contacto","status":"publish","type":"page","link":"https:\/\/jansudo.com\/index.php\/contacto\/","title":{"rendered":"Contacto"},"content":{"rendered":"\n<h2 class=\"wp-block-heading\">Maestro Francis<\/h2>\n\n\n\n<p><\/p>\n\n\n\n<p>Instructor y preparador f\u00edsico de cuerpos de seguridad, escoltas policial.<\/p>\n\n\n\n<p>Tel\u00e9fono:<\/p>\n\n\n\n<p>+34 670-619-126 <\/p>\n\n\n\n<p>E-mail:<\/p>\n\n\n\n<p>info@jansudo.com <\/p>\n\n\n\n<p>Direcci\u00f3n:<\/p>\n\n\n\n<p>Calle Chanquete , Paseo Mar\u00edtimo de los Boliches Junto Hotel Yaramar, 29640 Fuengirola, M\u00e1laga, Espa\u00f1a<\/p>\n\n\n\n<div style=\"height:39px\" aria-hidden=\"true\" class=\"wp-block-spacer\"><\/div>\n\n\n\n<hr class=\"wp-block-separator\"\/>\n\n\n\n<div style=\"height:47px\" aria-hidden=\"true\" class=\"wp-block-spacer\"><\/div>\n\n\n\n<p>Cualquier consulta no dude en escribirnos por email o usando el siguiente formulario:<\/p>\n\n\n\n<div style=\"height:55px\" aria-hidden=\"true\" class=\"wp-block-spacer\"><\/div>\n\n\n\n<div class=\"wp-block-contact-form-7-contact-form-selector\"><div role=\"form\" class=\"wpcf7\" id=\"wpcf7-f622-o1\" lang=\"es-ES\" dir=\"ltr\">\n<div class=\"screen-reader-response\"><p role=\"status\" aria-live=\"polite\" aria-atomic=\"true\"><\/p> <ul><\/ul><\/div>\n<form action=\"\/index.php\/wp-json\/wp\/v2\/pages\/57#wpcf7-f622-o1\" method=\"post\" class=\"wpcf7-form init\" novalidate=\"novalidate\" data-status=\"init\">\n<div style=\"display: none;\">\n<input type=\"hidden\" name=\"_wpcf7\" value=\"622\" \/>\n<input type=\"hidden\" name=\"_wpcf7_version\" value=\"5.5.6\" \/>\n<input type=\"hidden\" name=\"_wpcf7_locale\" value=\"es_ES\" \/>\n<input type=\"hidden\" name=\"_wpcf7_unit_tag\" value=\"wpcf7-f622-o1\" \/>\n<input type=\"hidden\" name=\"_wpcf7_container_post\" value=\"0\" \/>\n<input type=\"hidden\" name=\"_wpcf7_posted_data_hash\" value=\"\" \/>\n<\/div>\n<p><label> Tu nombre<br \/>\n    <span class=\"wpcf7-form-control-wrap your-name\"><input type=\"text\" name=\"your-name\" value=\"\" size=\"40\" class=\"wpcf7-form-control wpcf7-text wpcf7-validates-as-required\" aria-required=\"true\" aria-invalid=\"false\" \/><\/span> <\/label><\/p>\n<p><label> Tu correo electr\u00f3nico<br \/>\n    <span class=\"wpcf7-form-control-wrap your-email\"><input type=\"email\" name=\"your-email\" value=\"\" size=\"40\" class=\"wpcf7-form-control wpcf7-text wpcf7-email wpcf7-validates-as-required wpcf7-validates-as-email\" aria-required=\"true\" aria-invalid=\"false\" \/><\/span> <\/label><\/p>\n<p><label> Asunto<br \/>\n    <span class=\"wpcf7-form-control-wrap your-subject\"><input type=\"text\" name=\"your-subject\" value=\"\" size=\"40\" class=\"wpcf7-form-control wpcf7-text wpcf7-validates-as-required\" aria-required=\"true\" aria-invalid=\"false\" \/><\/span> <\/label><\/p>\n<p><label> Tu mensaje (opcional)<br \/>\n    <span class=\"wpcf7-form-control-wrap your-message\"><textarea name=\"your-message\" cols=\"40\" rows=\"10\" class=\"wpcf7-form-control wpcf7-textarea\" aria-invalid=\"false\"><\/textarea><\/span> <\/label><\/p>\n<p><input type=\"submit\" value=\"Enviar\" class=\"wpcf7-form-control has-spinner wpcf7-submit\" \/><\/p>\n<div class=\"wpcf7-response-output\" aria-hidden=\"true\"><\/div><\/form><\/div><\/div>\n","protected":false},"excerpt":{"rendered":"<p>Maestro Francis Instructor y preparador f\u00edsico de cuerpos de seguridad, escoltas policial. Tel\u00e9fono: +34 670-619-126 E-mail: info@jansudo.com Direcci\u00f3n: Calle Chanquete , Paseo Mar\u00edtimo de los Boliches Junto Hotel Yaramar, 29640 Fuengirola, M\u00e1laga, Espa\u00f1a Cualquier consulta no dude en escribirnos por email o usando el siguiente formulario:<\/p>\n","protected":false},"author":1,"featured_media":0,"parent":0,"menu_order":0,"comment_status":"closed","ping_status":"closed","template":"","meta":{"ngg_post_thumbnail":0,"pgc_sgb_lightbox_settings":"","footnotes":""},"class_list":["post-57","page","type-page","status-publish","hentry"],"_links":{"self":[{"href":"https:\/\/jansudo.com\/index.php\/wp-json\/wp\/v2\/pages\/57","targetHints":{"allow":["GET"]}}],"collection":[{"href":"https:\/\/jansudo.com\/index.php\/wp-json\/wp\/v2\/pages"}],"about":[{"href":"https:\/\/jansudo.com\/index.php\/wp-json\/wp\/v2\/types\/page"}],"author":[{"embeddable":true,"href":"https:\/\/jansudo.com\/index.php\/wp-json\/wp\/v2\/users\/1"}],"replies":[{"embeddable":true,"href":"https:\/\/jansudo.com\/index.php\/wp-json\/wp\/v2\/comments?post=57"}],"version-history":[{"count":8,"href":"https:\/\/jansudo.com\/index.php\/wp-json\/wp\/v2\/pages\/57\/revisions"}],"predecessor-version":[{"id":630,"href":"https:\/\/jansudo.com\/index.php\/wp-json\/wp\/v2\/pages\/57\/revisions\/630"}],"wp:attachment":[{"href":"https:\/\/jansudo.com\/index.php\/wp-json\/wp\/v2\/media?parent=57"}],"curies":[{"name":"wp","href":"https:\/\/api.w.org\/{rel}","templated":true}]}}